{"id":16,"date":"2023-03-16T14:52:27","date_gmt":"2023-03-16T13:52:27","guid":{"rendered":"https:\/\/pc-altensittenbach.de\/?page_id=16"},"modified":"2023-03-16T15:06:49","modified_gmt":"2023-03-16T14:06:49","slug":"wer-sind-wir","status":"publish","type":"page","link":"https:\/\/pc-altensittenbach.de\/?page_id=16","title":{"rendered":"Wer sind wir"},"content":{"rendered":"\n<figure class=\"wp-block-image size-full\"><img loading=\"lazy\" decoding=\"async\" width=\"300\" height=\"222\" src=\"https:\/\/pc-altensittenbach.de\/wp-content\/uploads\/2023\/03\/Posaunenchor_kl-300x222-1.jpg\" alt=\"\" class=\"wp-image-17\"\/><\/figure>\n\n\n\n<p>Der Posaunenchor gestaltet regelm\u00e4\u00dfig Gottesdienste unserer Kirchengemeinde musikalisch aus. Bei feierlichen Anl\u00e4ssen in Altensittenbach und gelegentlich auch im Krankenhaus spielen die Bl\u00e4ser gerne auf. <\/p>\n\n\n\n<p>Auf Wunsch arrangiert der Chor auch St\u00e4ndchen zu Geburtstagen und musiziert bei Trauungen.<\/p>\n\n\n\n<p>Der Posaunenchor bildet regelm\u00e4\u00dfig Jungbl\u00e4ser aus. Auf j\u00e4hrlichen R\u00fcstzeiten bietet sich den Mitgliedern die M\u00f6glichkeit der Vertiefung des Gelernten ebenso wie des geselligen Miteinanders.<\/p>\n\n\n\n<p>Die Proben finden jeden Freitag von 19:30 bis 21:30 Uhr im Gemeindehaus statt.<\/p>\n\n\n\n<p>Du hast Lust mit zu machen dann melde dich bei uns. Bei einem unserer Auftritte oder via Kontaktformular<\/p>\n\n\n\n<hr class=\"wp-block-separator has-alpha-channel-opacity\"\/>\n\n\n\n<div class=\"wp-block-group is-nowrap is-layout-flex wp-container-core-group-is-layout-6c531013 wp-block-group-is-layout-flex\">\n<p><strong>Verantwortliche<\/strong>:<\/p>\n\n\n\n<div class=\"wp-block-group is-vertical is-layout-flex wp-container-core-group-is-layout-fe9cc265 wp-block-group-is-layout-flex\">\n<div class=\"wp-block-group is-nowrap is-layout-flex wp-container-core-group-is-layout-6c531013 wp-block-group-is-layout-flex\">\n<p><strong>Chorleiter: <\/strong><\/p>\n\n\n\n<div class=\"wp-block-group is-vertical is-layout-flex wp-container-core-group-is-layout-fe9cc265 wp-block-group-is-layout-flex\">\n<p><strong>Wolfgang Werthner<\/strong>, <\/p>\n\n\n\n<p>Konrad-Luber-Str. 16, Tel.: 09151 94382<\/p>\n<\/div>\n<\/div>\n\n\n\n<div class=\"wp-block-group is-nowrap is-layout-flex wp-container-core-group-is-layout-6c531013 wp-block-group-is-layout-flex\">\n<p><strong>Obmann:<\/strong>     <\/p>\n\n\n\n<div class=\"wp-block-group is-vertical is-layout-flex wp-container-core-group-is-layout-fe9cc265 wp-block-group-is-layout-flex\">\n<p><strong>Thorsten Kellner<\/strong>, <\/p>\n\n\n\n<p>Am Schmau\u00dfenbuck 8, Tel.: 09151 90659<\/p>\n<\/div>\n<\/div>\n<\/div>\n<\/div>\n","protected":false},"excerpt":{"rendered":"<p>Der Posaunenchor gestaltet regelm\u00e4\u00dfig Gottesdienste unserer Kirchengemeinde musikalisch aus. Bei feierlichen Anl\u00e4ssen in Altensittenbach und gelegentlich auch im Krankenhaus spielen<\/p>\n","protected":false},"author":1,"featured_media":0,"parent":0,"menu_order":0,"comment_status":"closed","ping_status":"closed","template":"","meta":{"colormag_page_container_layout":"default_layout","colormag_page_sidebar_layout":"default_layout","footnotes":""},"class_list":["post-16","page","type-page","status-publish","hentry"],"yoast_head":"<!-- This site is optimized with the Yoast SEO plugin v27.3 - https:\/\/yoast.com\/product\/yoast-seo-wordpress\/ -->\n<title>Wer sind wir - Posaunenchor Altensittenbach<\/title>\n<meta name=\"robots\" content=\"index, follow, max-snippet:-1, max-image-preview:large, max-video-preview:-1\" \/>\n<link rel=\"canonical\" href=\"https:\/\/pc-altensittenbach.de\/?page_id=16\" \/>\n<meta property=\"og:locale\" content=\"de_DE\" \/>\n<meta property=\"og:type\" content=\"article\" \/>\n<meta property=\"og:title\" content=\"Wer sind wir - Posaunenchor Altensittenbach\" \/>\n<meta property=\"og:description\" content=\"Der Posaunenchor gestaltet regelm\u00e4\u00dfig Gottesdienste unserer Kirchengemeinde musikalisch aus. Bei feierlichen Anl\u00e4ssen in Altensittenbach und gelegentlich auch im Krankenhaus spielen\" \/>\n<meta property=\"og:url\" content=\"https:\/\/pc-altensittenbach.de\/?page_id=16\" \/>\n<meta property=\"og:site_name\" content=\"Posaunenchor Altensittenbach\" \/>\n<meta property=\"article:modified_time\" content=\"2023-03-16T14:06:49+00:00\" \/>\n<meta property=\"og:image\" content=\"https:\/\/pc-altensittenbach.de\/wp-content\/uploads\/2023\/03\/Posaunenchor_kl-300x222-1.jpg\" \/>\n<meta name=\"twitter:card\" content=\"summary_large_image\" \/>\n<meta name=\"twitter:label1\" content=\"Gesch\u00e4tzte Lesezeit\" \/>\n\t<meta name=\"twitter:data1\" content=\"1\u00a0Minute\" \/>\n<script type=\"application\/ld+json\" class=\"yoast-schema-graph\">{\"@context\":\"https:\\\/\\\/schema.org\",\"@graph\":[{\"@type\":\"WebPage\",\"@id\":\"https:\\\/\\\/pc-altensittenbach.de\\\/?page_id=16\",\"url\":\"https:\\\/\\\/pc-altensittenbach.de\\\/?page_id=16\",\"name\":\"Wer sind wir - Posaunenchor Altensittenbach\",\"isPartOf\":{\"@id\":\"https:\\\/\\\/pc-altensittenbach.de\\\/#website\"},\"primaryImageOfPage\":{\"@id\":\"https:\\\/\\\/pc-altensittenbach.de\\\/?page_id=16#primaryimage\"},\"image\":{\"@id\":\"https:\\\/\\\/pc-altensittenbach.de\\\/?page_id=16#primaryimage\"},\"thumbnailUrl\":\"https:\\\/\\\/pc-altensittenbach.de\\\/wp-content\\\/uploads\\\/2023\\\/03\\\/Posaunenchor_kl-300x222-1.jpg\",\"datePublished\":\"2023-03-16T13:52:27+00:00\",\"dateModified\":\"2023-03-16T14:06:49+00:00\",\"breadcrumb\":{\"@id\":\"https:\\\/\\\/pc-altensittenbach.de\\\/?page_id=16#breadcrumb\"},\"inLanguage\":\"de\",\"potentialAction\":[{\"@type\":\"ReadAction\",\"target\":[\"https:\\\/\\\/pc-altensittenbach.de\\\/?page_id=16\"]}]},{\"@type\":\"ImageObject\",\"inLanguage\":\"de\",\"@id\":\"https:\\\/\\\/pc-altensittenbach.de\\\/?page_id=16#primaryimage\",\"url\":\"https:\\\/\\\/pc-altensittenbach.de\\\/wp-content\\\/uploads\\\/2023\\\/03\\\/Posaunenchor_kl-300x222-1.jpg\",\"contentUrl\":\"https:\\\/\\\/pc-altensittenbach.de\\\/wp-content\\\/uploads\\\/2023\\\/03\\\/Posaunenchor_kl-300x222-1.jpg\",\"width\":300,\"height\":222},{\"@type\":\"BreadcrumbList\",\"@id\":\"https:\\\/\\\/pc-altensittenbach.de\\\/?page_id=16#breadcrumb\",\"itemListElement\":[{\"@type\":\"ListItem\",\"position\":1,\"name\":\"Startseite\",\"item\":\"https:\\\/\\\/pc-altensittenbach.de\\\/\"},{\"@type\":\"ListItem\",\"position\":2,\"name\":\"Wer sind wir\"}]},{\"@type\":\"WebSite\",\"@id\":\"https:\\\/\\\/pc-altensittenbach.de\\\/#website\",\"url\":\"https:\\\/\\\/pc-altensittenbach.de\\\/\",\"name\":\"Posaunenchor Altensittenbach\",\"description\":\"\",\"publisher\":{\"@id\":\"https:\\\/\\\/pc-altensittenbach.de\\\/#organization\"},\"potentialAction\":[{\"@type\":\"SearchAction\",\"target\":{\"@type\":\"EntryPoint\",\"urlTemplate\":\"https:\\\/\\\/pc-altensittenbach.de\\\/?s={search_term_string}\"},\"query-input\":{\"@type\":\"PropertyValueSpecification\",\"valueRequired\":true,\"valueName\":\"search_term_string\"}}],\"inLanguage\":\"de\"},{\"@type\":\"Organization\",\"@id\":\"https:\\\/\\\/pc-altensittenbach.de\\\/#organization\",\"name\":\"Posaunenchor Altensittenbach\",\"url\":\"https:\\\/\\\/pc-altensittenbach.de\\\/\",\"logo\":{\"@type\":\"ImageObject\",\"inLanguage\":\"de\",\"@id\":\"https:\\\/\\\/pc-altensittenbach.de\\\/#\\\/schema\\\/logo\\\/image\\\/\",\"url\":\"https:\\\/\\\/pc-altensittenbach.de\\\/wp-content\\\/uploads\\\/2023\\\/03\\\/Posaunenchor_Logo.jpg\",\"contentUrl\":\"https:\\\/\\\/pc-altensittenbach.de\\\/wp-content\\\/uploads\\\/2023\\\/03\\\/Posaunenchor_Logo.jpg\",\"width\":600,\"height\":756,\"caption\":\"Posaunenchor Altensittenbach\"},\"image\":{\"@id\":\"https:\\\/\\\/pc-altensittenbach.de\\\/#\\\/schema\\\/logo\\\/image\\\/\"}}]}<\/script>\n<!-- \/ Yoast SEO plugin. -->","yoast_head_json":{"title":"Wer sind wir - Posaunenchor Altensittenbach","robots":{"index":"index","follow":"follow","max-snippet":"max-snippet:-1","max-image-preview":"max-image-preview:large","max-video-preview":"max-video-preview:-1"},"canonical":"https:\/\/pc-altensittenbach.de\/?page_id=16","og_locale":"de_DE","og_type":"article","og_title":"Wer sind wir - Posaunenchor Altensittenbach","og_description":"Der Posaunenchor gestaltet regelm\u00e4\u00dfig Gottesdienste unserer Kirchengemeinde musikalisch aus. Bei feierlichen Anl\u00e4ssen in Altensittenbach und gelegentlich auch im Krankenhaus spielen","og_url":"https:\/\/pc-altensittenbach.de\/?page_id=16","og_site_name":"Posaunenchor Altensittenbach","article_modified_time":"2023-03-16T14:06:49+00:00","og_image":[{"url":"https:\/\/pc-altensittenbach.de\/wp-content\/uploads\/2023\/03\/Posaunenchor_kl-300x222-1.jpg","type":"","width":"","height":""}],"twitter_card":"summary_large_image","twitter_misc":{"Gesch\u00e4tzte Lesezeit":"1\u00a0Minute"},"schema":{"@context":"https:\/\/schema.org","@graph":[{"@type":"WebPage","@id":"https:\/\/pc-altensittenbach.de\/?page_id=16","url":"https:\/\/pc-altensittenbach.de\/?page_id=16","name":"Wer sind wir - Posaunenchor Altensittenbach","isPartOf":{"@id":"https:\/\/pc-altensittenbach.de\/#website"},"primaryImageOfPage":{"@id":"https:\/\/pc-altensittenbach.de\/?page_id=16#primaryimage"},"image":{"@id":"https:\/\/pc-altensittenbach.de\/?page_id=16#primaryimage"},"thumbnailUrl":"https:\/\/pc-altensittenbach.de\/wp-content\/uploads\/2023\/03\/Posaunenchor_kl-300x222-1.jpg","datePublished":"2023-03-16T13:52:27+00:00","dateModified":"2023-03-16T14:06:49+00:00","breadcrumb":{"@id":"https:\/\/pc-altensittenbach.de\/?page_id=16#breadcrumb"},"inLanguage":"de","potentialAction":[{"@type":"ReadAction","target":["https:\/\/pc-altensittenbach.de\/?page_id=16"]}]},{"@type":"ImageObject","inLanguage":"de","@id":"https:\/\/pc-altensittenbach.de\/?page_id=16#primaryimage","url":"https:\/\/pc-altensittenbach.de\/wp-content\/uploads\/2023\/03\/Posaunenchor_kl-300x222-1.jpg","contentUrl":"https:\/\/pc-altensittenbach.de\/wp-content\/uploads\/2023\/03\/Posaunenchor_kl-300x222-1.jpg","width":300,"height":222},{"@type":"BreadcrumbList","@id":"https:\/\/pc-altensittenbach.de\/?page_id=16#breadcrumb","itemListElement":[{"@type":"ListItem","position":1,"name":"Startseite","item":"https:\/\/pc-altensittenbach.de\/"},{"@type":"ListItem","position":2,"name":"Wer sind wir"}]},{"@type":"WebSite","@id":"https:\/\/pc-altensittenbach.de\/#website","url":"https:\/\/pc-altensittenbach.de\/","name":"Posaunenchor Altensittenbach","description":"","publisher":{"@id":"https:\/\/pc-altensittenbach.de\/#organization"},"potentialAction":[{"@type":"SearchAction","target":{"@type":"EntryPoint","urlTemplate":"https:\/\/pc-altensittenbach.de\/?s={search_term_string}"},"query-input":{"@type":"PropertyValueSpecification","valueRequired":true,"valueName":"search_term_string"}}],"inLanguage":"de"},{"@type":"Organization","@id":"https:\/\/pc-altensittenbach.de\/#organization","name":"Posaunenchor Altensittenbach","url":"https:\/\/pc-altensittenbach.de\/","logo":{"@type":"ImageObject","inLanguage":"de","@id":"https:\/\/pc-altensittenbach.de\/#\/schema\/logo\/image\/","url":"https:\/\/pc-altensittenbach.de\/wp-content\/uploads\/2023\/03\/Posaunenchor_Logo.jpg","contentUrl":"https:\/\/pc-altensittenbach.de\/wp-content\/uploads\/2023\/03\/Posaunenchor_Logo.jpg","width":600,"height":756,"caption":"Posaunenchor Altensittenbach"},"image":{"@id":"https:\/\/pc-altensittenbach.de\/#\/schema\/logo\/image\/"}}]}},"_links":{"self":[{"href":"https:\/\/pc-altensittenbach.de\/index.php?rest_route=\/wp\/v2\/pages\/16","targetHints":{"allow":["GET"]}}],"collection":[{"href":"https:\/\/pc-altensittenbach.de\/index.php?rest_route=\/wp\/v2\/pages"}],"about":[{"href":"https:\/\/pc-altensittenbach.de\/index.php?rest_route=\/wp\/v2\/types\/page"}],"author":[{"embeddable":true,"href":"https:\/\/pc-altensittenbach.de\/index.php?rest_route=\/wp\/v2\/users\/1"}],"replies":[{"embeddable":true,"href":"https:\/\/pc-altensittenbach.de\/index.php?rest_route=%2Fwp%2Fv2%2Fcomments&post=16"}],"version-history":[{"count":3,"href":"https:\/\/pc-altensittenbach.de\/index.php?rest_route=\/wp\/v2\/pages\/16\/revisions"}],"predecessor-version":[{"id":23,"href":"https:\/\/pc-altensittenbach.de\/index.php?rest_route=\/wp\/v2\/pages\/16\/revisions\/23"}],"wp:attachment":[{"href":"https:\/\/pc-altensittenbach.de\/index.php?rest_route=%2Fwp%2Fv2%2Fmedia&parent=16"}],"curies":[{"name":"wp","href":"https:\/\/api.w.org\/{rel}","templated":true}]}}